{"id":52,"date":"2026-03-12T08:53:43","date_gmt":"2026-03-12T07:53:43","guid":{"rendered":"https:\/\/vereinswk4.vereinswk.ch\/?page_id=52"},"modified":"2026-03-19T14:56:30","modified_gmt":"2026-03-19T13:56:30","slug":"faq","status":"publish","type":"page","link":"https:\/\/vereinswk4.vereinswk.ch\/it\/faq\/","title":{"rendered":"FAQ"},"content":{"rendered":"\n<p><strong>FAQ (H\u00e4ufig gestellte Fragen)<\/strong><\/p>\n\n\n\n<hr class=\"wp-block-separator has-alpha-channel-opacity\"\/>\n\n\n\n<p><strong>Ich hatte erst letztes Jahr die Vorg\u00e4nger-Version 3.9 gekauft, muss ich trotzdem den vollen Preis bezahlen?<\/strong><\/p>\n\n\n\n<p>Nein, f\u00fcr solche F\u00e4lle haben wir einen \u00dcbergangspreis, bitte kontaktieren Sie und pers\u00f6nlich.<\/p>\n\n\n\n<hr class=\"wp-block-separator has-alpha-channel-opacity\"\/>\n\n\n\n<p><strong>Funktionieren die \u00e4lteren Versionen von VereinsWK weiterhin?<\/strong><\/p>\n\n\n\n<p>Ja, Sie k\u00f6nnen nach wie vor Ihr Sch\u00fctzenfest mit den \u00e4lteren Versionen durchf\u00fchren, jedoch muss mit der Zeit mit gewissen Einschr\u00e4nkungen gerechnet werden.<\/p>\n\n\n\n<hr class=\"wp-block-separator has-alpha-channel-opacity\"\/>\n\n\n\n<p><strong>Warum kann das Programm den Sch\u00fctzen-Stamm nicht mehr automatisch aktualisieren?<\/strong><\/p>\n\n\n\n<p>Das ist aus rechtlichen Gr\u00fcnden leider nicht mehr m\u00f6glich.<br>Mit ihrem SAT-Admin Zugang ist aber ein Sch\u00fctzenstamm-Import problemlos m\u00f6glich.<\/p>\n\n\n\n<hr class=\"wp-block-separator has-alpha-channel-opacity\"\/>\n\n\n\n<p><strong>Was kann das VereinsWK 4 nicht?<\/strong><\/p>\n\n\n\n<p>Wie bei der Vorg\u00e4nger Version, ist es nicht m\u00f6glich,<br>Ranglisten \u00fcber mehrere Anl\u00e4sse zu berechnen<br>(z.B. interne Jahresmeisterschaften) Ebenfalls sind gewisse &#8220;Spezial-Stiche&#8221; problematisch (z.B. Nachdoppel)<\/p>\n\n\n\n<hr class=\"wp-block-separator has-alpha-channel-opacity\"\/>\n","protected":false},"excerpt":{"rendered":"<p>FAQ (H\u00e4ufig gestellte Fragen) Ich hatte erst letztes Jahr die Vorg\u00e4nger-Version 3.9 gekauft, muss ich trotzdem den vollen Preis bezahlen? Nein, f\u00fcr solche F\u00e4lle haben wir einen \u00dcbergangspreis, bitte kontaktieren Sie und pers\u00f6nlich. Funktionieren die \u00e4lteren Versionen von VereinsWK weiterhin? Ja, Sie k\u00f6nnen nach wie vor Ihr Sch\u00fctzenfest mit den \u00e4lteren Versionen durchf\u00fchren, jedoch muss [&hellip;]<\/p>\n","protected":false},"author":1,"featured_media":0,"parent":0,"menu_order":0,"comment_status":"closed","ping_status":"closed","template":"","meta":{"footnotes":""},"class_list":["post-52","page","type-page","status-publish","hentry"],"_links":{"self":[{"href":"https:\/\/vereinswk4.vereinswk.ch\/it\/wp-json\/wp\/v2\/pages\/52","targetHints":{"allow":["GET"]}}],"collection":[{"href":"https:\/\/vereinswk4.vereinswk.ch\/it\/wp-json\/wp\/v2\/pages"}],"about":[{"href":"https:\/\/vereinswk4.vereinswk.ch\/it\/wp-json\/wp\/v2\/types\/page"}],"author":[{"embeddable":true,"href":"https:\/\/vereinswk4.vereinswk.ch\/it\/wp-json\/wp\/v2\/users\/1"}],"replies":[{"embeddable":true,"href":"https:\/\/vereinswk4.vereinswk.ch\/it\/wp-json\/wp\/v2\/comments?post=52"}],"version-history":[{"count":7,"href":"https:\/\/vereinswk4.vereinswk.ch\/it\/wp-json\/wp\/v2\/pages\/52\/revisions"}],"predecessor-version":[{"id":190,"href":"https:\/\/vereinswk4.vereinswk.ch\/it\/wp-json\/wp\/v2\/pages\/52\/revisions\/190"}],"wp:attachment":[{"href":"https:\/\/vereinswk4.vereinswk.ch\/it\/wp-json\/wp\/v2\/media?parent=52"}],"curies":[{"name":"wp","href":"https:\/\/api.w.org\/{rel}","templated":true}]}}