{"id":72,"date":"2026-03-12T09:34:58","date_gmt":"2026-03-12T08:34:58","guid":{"rendered":"https:\/\/vereinswk4.vereinswk.ch\/?page_id=72"},"modified":"2026-03-19T14:53:10","modified_gmt":"2026-03-19T13:53:10","slug":"miet-anlagen","status":"publish","type":"page","link":"https:\/\/vereinswk4.vereinswk.ch\/fr\/miet-anlagen\/","title":{"rendered":"Miet-Anlagen"},"content":{"rendered":"\n<p><strong>Mieten Sie die Infrastruktur f\u00fcr ihr Fest<\/strong><\/p>\n\n\n\n<p>Sie suchen nach einer L\u00f6sung, um Ihren einmaligen oder j\u00e4hrlichen Schiessanlass einfach administrativ abzuhandeln? Dann sind Sie hier genau richtig.<\/p>\n\n\n\n<p>Wir vermieten komplette Computersysteme oder einzelne Komponenten f\u00fcr die Dauer Ihres Festes. Laufend gepflegte und fixfertig eingerichtete Computer-Systeme gew\u00e4hrleisten einen reibungslosen Ablauf von Schiessanl\u00e4ssen, von der Anmeldung bis zur Abrechnung.<\/p>\n\n\n\n<hr class=\"wp-block-separator has-alpha-channel-opacity\"\/>\n\n\n\n<p><strong>Lieferumfang Miet-Anlage:<\/strong><\/p>\n\n\n\n<ul class=\"wp-block-list\">\n<li>2 Laptops mit Windows und eingerichteter Software \u00ab\u00a0VereinsWK 4\u00a0\u00bb<\/li>\n\n\n\n<li>2 USB-M\u00e4use und 2 USB-Tastaturen<\/li>\n\n\n\n<li>2 Barcodescanner f\u00fcr Sch\u00fctzen- und Resultaterfassung<\/li>\n\n\n\n<li>2 Laserdrucker mit Zusatzfach f\u00fcr Standbl\u00e4tter, Kranzkarten, Belege, Ranglisten (inkl. Ersatztoner)<\/li>\n\n\n\n<li>Netzwerkzubeh\u00f6r (Kabel, Switch)<\/li>\n<\/ul>\n\n\n\n<hr class=\"wp-block-separator has-alpha-channel-opacity\"\/>\n","protected":false},"excerpt":{"rendered":"<p>Mieten Sie die Infrastruktur f\u00fcr ihr Fest Sie suchen nach einer L\u00f6sung, um Ihren einmaligen oder j\u00e4hrlichen Schiessanlass einfach administrativ abzuhandeln? Dann sind Sie hier genau richtig. Wir vermieten komplette Computersysteme oder einzelne Komponenten f\u00fcr die Dauer Ihres Festes. Laufend gepflegte und fixfertig eingerichtete Computer-Systeme gew\u00e4hrleisten einen reibungslosen Ablauf von Schiessanl\u00e4ssen, von der Anmeldung bis [&hellip;]<\/p>\n","protected":false},"author":1,"featured_media":0,"parent":0,"menu_order":0,"comment_status":"closed","ping_status":"closed","template":"","meta":{"footnotes":""},"class_list":["post-72","page","type-page","status-publish","hentry"],"_links":{"self":[{"href":"https:\/\/vereinswk4.vereinswk.ch\/fr\/wp-json\/wp\/v2\/pages\/72","targetHints":{"allow":["GET"]}}],"collection":[{"href":"https:\/\/vereinswk4.vereinswk.ch\/fr\/wp-json\/wp\/v2\/pages"}],"about":[{"href":"https:\/\/vereinswk4.vereinswk.ch\/fr\/wp-json\/wp\/v2\/types\/page"}],"author":[{"embeddable":true,"href":"https:\/\/vereinswk4.vereinswk.ch\/fr\/wp-json\/wp\/v2\/users\/1"}],"replies":[{"embeddable":true,"href":"https:\/\/vereinswk4.vereinswk.ch\/fr\/wp-json\/wp\/v2\/comments?post=72"}],"version-history":[{"count":5,"href":"https:\/\/vereinswk4.vereinswk.ch\/fr\/wp-json\/wp\/v2\/pages\/72\/revisions"}],"predecessor-version":[{"id":188,"href":"https:\/\/vereinswk4.vereinswk.ch\/fr\/wp-json\/wp\/v2\/pages\/72\/revisions\/188"}],"wp:attachment":[{"href":"https:\/\/vereinswk4.vereinswk.ch\/fr\/wp-json\/wp\/v2\/media?parent=72"}],"curies":[{"name":"wp","href":"https:\/\/api.w.org\/{rel}","templated":true}]}}