{"id":56,"date":"2026-03-12T09:02:30","date_gmt":"2026-03-12T08:02:30","guid":{"rendered":"https:\/\/vereinswk4.vereinswk.ch\/?page_id=56"},"modified":"2026-03-19T14:47:33","modified_gmt":"2026-03-19T13:47:33","slug":"funktionen","status":"publish","type":"page","link":"https:\/\/vereinswk4.vereinswk.ch\/fr\/funktionen\/","title":{"rendered":"Funktionen"},"content":{"rendered":"\n<p><strong>Was ist VereisWK 4 f\u00fcr eine Software?<\/strong><\/p>\n\n\n\n<p>VereinsWK 4 ist eine Software f\u00fcr die komplette Erfassung und Abrechnung von ihrem Sch\u00fctzenfest.<\/p>\n\n\n\n<hr class=\"wp-block-separator has-alpha-channel-opacity\"\/>\n\n\n\n<p><strong>Was ist neu gegen\u00fcber der Vorg\u00e4nger-Version 3.9?<\/strong><\/p>\n\n\n\n<ul class=\"wp-block-list\">\n<li>Alle Disziplinen neu in einem Programm<\/li>\n\n\n\n<li>automatische Resultaterfassung mit neuer <br>SIUS Anlage SA 9006 \/ SR 24 &amp; Polytronic TG 6302<\/li>\n\n\n\n<li>Ihre Sch\u00fctzenfest-Parameter direkt ab dem Sch\u00fctzenkalender-Portal laden<\/li>\n<\/ul>\n\n\n\n<ul class=\"wp-block-list\">\n<li>Keine hohen Anschaffungskosten <br>(neu Jahres-Lizenz)<\/li>\n\n\n\n<li>Immer neuste Software-Version<\/li>\n<\/ul>\n\n\n\n<hr class=\"wp-block-separator has-alpha-channel-opacity\"\/>\n\n\n\n<p><strong>Was kann VereinsWK 4?<\/strong><\/p>\n\n\n\n<p>Sch\u00fctzenerfassung und Resultateingabe mit Barcodeleser. Verein und Sch\u00fctze sind in einem Handgriff erfasst. Auf allen Standbl\u00e4ttern wird ein Barcode aufgedruckt. Standbl\u00e4tter werden komplett gedruckt (kein Vordruck n\u00f6tig).<\/p>\n\n\n\n<p>Automatische Datenerfassung von elektronischen Trefferanzeigen.<\/p>\n\n\n\n<p>F\u00fcr jeden Wettkampf k\u00f6nnen verschiedene Ranglisten erstellt werden. Auswertung nach Verein, Gruppe, Stich und Festsieger.<br>Die Ausgabe der Ranglisten erfolgt in verschiedenen Formaten(Drucker, Bildschirm, Excel, HTML).<\/p>\n\n\n\n<p>Resultate k\u00f6nnen online&nbsp;<a href=\"https:\/\/resultat.schuetzenportal.ch\/Home\/SelectEventType\" target=\"_blank\" rel=\"noreferrer noopener\">Resultat Sch\u00fctzenportal<\/a><strong>&nbsp;<\/strong>publiziert werden. Somit kann der Sch\u00fctze zu jeder Zeit seine geschossenen Resultate abfragen.<\/p>\n\n\n\n<p>Pr\u00e4sentieren Sie eine laufend aktualisierte Rangliste z.B. in der Sch\u00fctzenstube. Ausgabe auf Beamer, Grossbildschirm etc.<br>Sponsoren k\u00f6nnen abwechselnd eingeblendet werden.<\/p>\n\n\n\n<hr class=\"wp-block-separator has-alpha-channel-opacity\"\/>\n\n\n\n<p><\/p>\n\n\n\n<p><\/p>\n","protected":false},"excerpt":{"rendered":"<p>Was ist VereisWK 4 f\u00fcr eine Software? VereinsWK 4 ist eine Software f\u00fcr die komplette Erfassung und Abrechnung von ihrem Sch\u00fctzenfest. Was ist neu gegen\u00fcber der Vorg\u00e4nger-Version 3.9? Alle Disziplinen neu in einem Programm automatische Resultaterfassung mit neuer SIUS Anlage SA 9006 \/ SR 24 &amp; Polytronic TG 6302 Ihre Sch\u00fctzenfest-Parameter direkt ab dem Sch\u00fctzenkalender-Portal [&hellip;]<\/p>\n","protected":false},"author":1,"featured_media":0,"parent":0,"menu_order":0,"comment_status":"closed","ping_status":"closed","template":"","meta":{"footnotes":""},"class_list":["post-56","page","type-page","status-publish","hentry"],"_links":{"self":[{"href":"https:\/\/vereinswk4.vereinswk.ch\/fr\/wp-json\/wp\/v2\/pages\/56","targetHints":{"allow":["GET"]}}],"collection":[{"href":"https:\/\/vereinswk4.vereinswk.ch\/fr\/wp-json\/wp\/v2\/pages"}],"about":[{"href":"https:\/\/vereinswk4.vereinswk.ch\/fr\/wp-json\/wp\/v2\/types\/page"}],"author":[{"embeddable":true,"href":"https:\/\/vereinswk4.vereinswk.ch\/fr\/wp-json\/wp\/v2\/users\/1"}],"replies":[{"embeddable":true,"href":"https:\/\/vereinswk4.vereinswk.ch\/fr\/wp-json\/wp\/v2\/comments?post=56"}],"version-history":[{"count":12,"href":"https:\/\/vereinswk4.vereinswk.ch\/fr\/wp-json\/wp\/v2\/pages\/56\/revisions"}],"predecessor-version":[{"id":184,"href":"https:\/\/vereinswk4.vereinswk.ch\/fr\/wp-json\/wp\/v2\/pages\/56\/revisions\/184"}],"wp:attachment":[{"href":"https:\/\/vereinswk4.vereinswk.ch\/fr\/wp-json\/wp\/v2\/media?parent=56"}],"curies":[{"name":"wp","href":"https:\/\/api.w.org\/{rel}","templated":true}]}}