{"id":23,"date":"2026-03-12T07:06:27","date_gmt":"2026-03-12T06:06:27","guid":{"rendered":"https:\/\/vereinswk4.vereinswk.ch\/?page_id=23"},"modified":"2026-03-19T15:21:42","modified_gmt":"2026-03-19T14:21:42","slug":"download","status":"publish","type":"page","link":"https:\/\/vereinswk4.vereinswk.ch\/fr\/download\/","title":{"rendered":"Download"},"content":{"rendered":"\n<p class=\"has-text-align-left\"><strong>M\u00f6chten Sie VereinsWK einmal ausprobieren?<\/strong><\/p>\n\n\n\n<p class=\"has-text-align-left\">Laden Sie Hier&nbsp;die aktuelle Version unseres Programmes herunter und installieren Sie es auf Ihrem Computer. Das Programm ist sofort mit vielen Beispielparametern zur Erkundung bereit.<\/p>\n\n\n\n<p class=\"has-text-align-left\">Sie k\u00f6nnen alles ausprobieren, aber keine Ausdrucke erzeugen. Wenn Sie sp\u00e4ter eine Lizenz erwerben, wird die bereits installierte Software freigeschaltet und Sie k\u00f6nnen ungehindert damit arbeiten.<\/p>\n\n\n\n<hr class=\"wp-block-separator has-alpha-channel-opacity\"\/>\n\n\n\n<div class=\"wp-block-buttons is-layout-flex wp-block-buttons-is-layout-flex\">\n<div class=\"wp-block-button\"><a class=\"wp-block-button__link wp-element-button\">Download<\/a><\/div>\n<\/div>\n\n\n\n<hr class=\"wp-block-separator has-alpha-channel-opacity\"\/>\n\n\n\n<p><strong>Sie m\u00f6chten unsere Software f\u00fcr ihr Fest bestellen? <br>Dann ben\u00f6tigen wir von Ihnen:<\/strong><\/p>\n\n\n\n<ul class=\"wp-block-list\">\n<li>Ansprechperson &amp; Rechnungsadresse<\/li>\n\n\n\n<li>Vereinsname, welcher mit der Lizenz verkn\u00fcpft wird<\/li>\n<\/ul>\n\n\n\n<p><strong>F\u00fcr die Vorbereitung ihres Sch\u00fctzenfest-Programm<\/strong><\/p>\n\n\n\n<ul class=\"wp-block-list\">\n<li>genehmigter Schiessplan<\/li>\n<\/ul>\n\n\n\n<hr class=\"wp-block-separator has-alpha-channel-opacity\"\/>\n","protected":false},"excerpt":{"rendered":"<p>M\u00f6chten Sie VereinsWK einmal ausprobieren? Laden Sie Hier&nbsp;die aktuelle Version unseres Programmes herunter und installieren Sie es auf Ihrem Computer. Das Programm ist sofort mit vielen Beispielparametern zur Erkundung bereit. Sie k\u00f6nnen alles ausprobieren, aber keine Ausdrucke erzeugen. Wenn Sie sp\u00e4ter eine Lizenz erwerben, wird die bereits installierte Software freigeschaltet und Sie k\u00f6nnen ungehindert damit [&hellip;]<\/p>\n","protected":false},"author":1,"featured_media":0,"parent":0,"menu_order":0,"comment_status":"closed","ping_status":"closed","template":"","meta":{"footnotes":""},"class_list":["post-23","page","type-page","status-publish","hentry"],"_links":{"self":[{"href":"https:\/\/vereinswk4.vereinswk.ch\/fr\/wp-json\/wp\/v2\/pages\/23","targetHints":{"allow":["GET"]}}],"collection":[{"href":"https:\/\/vereinswk4.vereinswk.ch\/fr\/wp-json\/wp\/v2\/pages"}],"about":[{"href":"https:\/\/vereinswk4.vereinswk.ch\/fr\/wp-json\/wp\/v2\/types\/page"}],"author":[{"embeddable":true,"href":"https:\/\/vereinswk4.vereinswk.ch\/fr\/wp-json\/wp\/v2\/users\/1"}],"replies":[{"embeddable":true,"href":"https:\/\/vereinswk4.vereinswk.ch\/fr\/wp-json\/wp\/v2\/comments?post=23"}],"version-history":[{"count":12,"href":"https:\/\/vereinswk4.vereinswk.ch\/fr\/wp-json\/wp\/v2\/pages\/23\/revisions"}],"predecessor-version":[{"id":197,"href":"https:\/\/vereinswk4.vereinswk.ch\/fr\/wp-json\/wp\/v2\/pages\/23\/revisions\/197"}],"wp:attachment":[{"href":"https:\/\/vereinswk4.vereinswk.ch\/fr\/wp-json\/wp\/v2\/media?parent=23"}],"curies":[{"name":"wp","href":"https:\/\/api.w.org\/{rel}","templated":true}]}}