{"id":208,"date":"2026-03-20T11:59:25","date_gmt":"2026-03-20T10:59:25","guid":{"rendered":"https:\/\/vereinswk4.vereinswk.ch\/?page_id=208"},"modified":"2026-03-20T13:19:49","modified_gmt":"2026-03-20T12:19:49","slug":"anleitung","status":"publish","type":"page","link":"https:\/\/vereinswk4.vereinswk.ch\/fr\/anleitung\/","title":{"rendered":"Anleitung"},"content":{"rendered":"\n<ul class=\"wp-block-list\">\n<li><a href=\"https:\/\/vereinswk4.vereinswk.ch\/anleitung\/schuetze-erfassen-untermenue\/\" data-type=\"page\" data-id=\"213\">Sch\u00fctze erfassen<\/a><\/li>\n\n\n\n<li>Resultat erfassen<\/li>\n\n\n\n<li>Sch\u00fctze abrechnen<\/li>\n\n\n\n<li>Rangliste ver\u00f6ffentlichen<\/li>\n<\/ul>\n\n\n\n<p><\/p>\n","protected":false},"excerpt":{"rendered":"<p>Sch\u00fctze erfassen Resultat erfassen Sch\u00fctze abrechnen Rangliste ver\u00f6ffentlichen<\/p>\n","protected":false},"author":1,"featured_media":0,"parent":0,"menu_order":0,"comment_status":"closed","ping_status":"closed","template":"","meta":{"footnotes":""},"class_list":["post-208","page","type-page","status-publish","hentry"],"_links":{"self":[{"href":"https:\/\/vereinswk4.vereinswk.ch\/fr\/wp-json\/wp\/v2\/pages\/208","targetHints":{"allow":["GET"]}}],"collection":[{"href":"https:\/\/vereinswk4.vereinswk.ch\/fr\/wp-json\/wp\/v2\/pages"}],"about":[{"href":"https:\/\/vereinswk4.vereinswk.ch\/fr\/wp-json\/wp\/v2\/types\/page"}],"author":[{"embeddable":true,"href":"https:\/\/vereinswk4.vereinswk.ch\/fr\/wp-json\/wp\/v2\/users\/1"}],"replies":[{"embeddable":true,"href":"https:\/\/vereinswk4.vereinswk.ch\/fr\/wp-json\/wp\/v2\/comments?post=208"}],"version-history":[{"count":6,"href":"https:\/\/vereinswk4.vereinswk.ch\/fr\/wp-json\/wp\/v2\/pages\/208\/revisions"}],"predecessor-version":[{"id":226,"href":"https:\/\/vereinswk4.vereinswk.ch\/fr\/wp-json\/wp\/v2\/pages\/208\/revisions\/226"}],"wp:attachment":[{"href":"https:\/\/vereinswk4.vereinswk.ch\/fr\/wp-json\/wp\/v2\/media?parent=208"}],"curies":[{"name":"wp","href":"https:\/\/api.w.org\/{rel}","templated":true}]}}